{"id":15,"date":"2022-12-29T12:01:25","date_gmt":"2022-12-29T12:01:25","guid":{"rendered":"https:\/\/wp-gerber.de\/?page_id=15"},"modified":"2024-12-02T10:54:52","modified_gmt":"2024-12-02T10:54:52","slug":"steuerberatung","status":"publish","type":"page","link":"https:\/\/wp-gerber.de\/?page_id=15","title":{"rendered":"Steuerberatung"},"content":{"rendered":"\n<p><strong>Steuerberatung<\/strong><\/p>\n\n\n\n<p>Das deutsche Steuerrecht wird immer mehr komplexer; die Steuers\u00e4tze und der Steuervollzug werden stetig versch\u00e4rft. Bei einem Blick in laufende Gesetzgebungsvorhaben dr\u00e4ngt sich der Eindruck auf, dass hier die linke Hand nicht wei\u00df, was die rechte Hand tut.<\/p>\n\n\n\n<p>Gemeinsam k\u00f6nnen Sie mit mir versuchen, die daraus f\u00fcr Sie entstehenden Probleme zu l\u00f6sen. Professionell und verl\u00e4sslich unterst\u00fctze ich Sie dabei als Ihr Partner. Sie werden individuell in allen steuerlichen Angelegenheiten beraten. Auf Wunsch \u00fcbernehme ich bei den Finanzbeh\u00f6rden Ihre Vertretung.<\/p>\n\n\n\n<p>Auch die laufend zu f\u00fchrende Buchhaltung, die Lohn- und Gehaltsabrechnung sowie die Erstellung des Jahresabschlusses kann auf meine Kanzlei ausgelagert werden.<\/p>\n\n\n\n<p>Im Rahmen des Mandats informiere ich Sie regelm\u00e4\u00dfig \u00fcber Ihre steuerliche Situation, die durch Planungsrechnungen erg\u00e4nzt wird. So ist es f\u00fcr Sie m\u00f6glich, rechtzeitig entsprechende Ma\u00dfnahmen zu ergreifen, um ein insgesamt zufriedenstellendes Gesamtergebnis zu erzielen.<\/p>\n\n\n\n<p>Im Rahmen der laufenden Steuerberatung biete ich folgende Leistungen an:<\/p>\n\n\n\n<ul class=\"wp-block-list\">\n<li>Steuerplanung zur Optimierung der Steuerbelastung<\/li>\n\n\n\n<li>Erledigung des betrieblichen Rechnungswesens (laufende Anlage-, Finanz- und Lohnbuchhaltung)<\/li>\n\n\n\n<li>Erstellung von Gewinnermittlungen wie Bilanz bzw. Einnahmen\/\u00dcberschuss-Rechnung<\/li>\n\n\n\n<li>Erstellung von Steuererkl\u00e4rungen f\u00fcr Unternehmen, juristische Personen und Privatpersonen<\/li>\n\n\n\n<li>Stellung von Antr\u00e4gen in steuerlichen Angelegenheiten, wie z.B. Stundung von Steuerschulden, Verl\u00e4ngerung von Abgabefristen oder Herabsetzung von Steuer-Vorauszahlungen<\/li>\n\n\n\n<li>Vertretung gegen\u00fcber Finanzbeh\u00f6rden: laufend und in Sonderfragen<\/li>\n\n\n\n<li>Vertretung vor der Finanzbeh\u00f6rde und in Rechtsbehelfsverfahren bis hin zum Klageverfahren<\/li>\n\n\n\n<li>Laufende Information \u00fcber f\u00fcr Sie relevante Neuerungen im Steuerrecht<\/li>\n<\/ul>\n\n\n\n<p>Die erg\u00e4nzenden Beratungsinhalte bestehen in der<\/p>\n\n\n\n<ul class=\"wp-block-list\">\n<li>Unterst\u00fctzung bei der privaten Finanz- und Verm\u00f6gensplanung,<\/li>\n\n\n\n<li>umfassenden Betriebs- und Wirtschaftsberatung,<\/li>\n\n\n\n<li>Planung von Liquidationen, Neu- und Umgr\u00fcndungen,<\/li>\n\n\n\n<li>Beratung bei Erbschafts- und Unternehmensnachfolgefragen,<\/li>\n\n\n\n<li>Ermittlung von Unternehmenswerten f\u00fcr steuerliche Zwecke,<\/li>\n\n\n\n<li>Erstellung von Verrechnungspreisdokumentationen,<\/li>\n\n\n\n<li>Steuerplanung und Strategieentwicklung,<\/li>\n\n\n\n<li>Beratung und Schulung Ihres Buchhaltungspersonals,<\/li>\n\n\n\n<li>Sanierungsberatung,<\/li>\n\n\n\n<li>Begleitung bei Bankgespr\u00e4chen,<\/li>\n\n\n\n<li>Abwicklung von Betriebspr\u00fcfungen,<\/li>\n\n\n\n<li>Beratung in Zusammenhang mit EDV-gest\u00fctztem Rechnungswesen,<\/li>\n\n\n\n<li>steuergutachtliche T\u00e4tigkeit.<\/li>\n<\/ul>\n","protected":false},"excerpt":{"rendered":"<p>Steuerberatung Das deutsche Steuerrecht wird immer mehr komplexer; die Steuers\u00e4tze und der Steuervollzug werden stetig versch\u00e4rft. Bei einem Blick in laufende Gesetzgebungsvorhaben dr\u00e4ngt sich der Eindruck auf, dass hier die linke Hand nicht wei\u00df, was die rechte Hand tut. Gemeinsam k\u00f6nnen Sie mit mir versuchen, die daraus f\u00fcr Sie entstehenden Probleme zu l\u00f6sen. Professionell und &hellip; <\/p>\n<p class=\"link-more\"><a href=\"https:\/\/wp-gerber.de\/?page_id=15\" class=\"more-link\"><span class=\"screen-reader-text\">\u201eSteuerberatung\u201c<\/span> weiterlesen<\/a><\/p>\n","protected":false},"author":1,"featured_media":68,"parent":0,"menu_order":0,"comment_status":"closed","ping_status":"closed","template":"","meta":{"footnotes":""},"class_list":["post-15","page","type-page","status-publish","has-post-thumbnail","hentry"],"_links":{"self":[{"href":"https:\/\/wp-gerber.de\/index.php?rest_route=\/wp\/v2\/pages\/15","targetHints":{"allow":["GET"]}}],"collection":[{"href":"https:\/\/wp-gerber.de\/index.php?rest_route=\/wp\/v2\/pages"}],"about":[{"href":"https:\/\/wp-gerber.de\/index.php?rest_route=\/wp\/v2\/types\/page"}],"author":[{"embeddable":true,"href":"https:\/\/wp-gerber.de\/index.php?rest_route=\/wp\/v2\/users\/1"}],"replies":[{"embeddable":true,"href":"https:\/\/wp-gerber.de\/index.php?rest_route=%2Fwp%2Fv2%2Fcomments&post=15"}],"version-history":[{"count":3,"href":"https:\/\/wp-gerber.de\/index.php?rest_route=\/wp\/v2\/pages\/15\/revisions"}],"predecessor-version":[{"id":86,"href":"https:\/\/wp-gerber.de\/index.php?rest_route=\/wp\/v2\/pages\/15\/revisions\/86"}],"wp:featuredmedia":[{"embeddable":true,"href":"https:\/\/wp-gerber.de\/index.php?rest_route=\/wp\/v2\/media\/68"}],"wp:attachment":[{"href":"https:\/\/wp-gerber.de\/index.php?rest_route=%2Fwp%2Fv2%2Fmedia&parent=15"}],"curies":[{"name":"wp","href":"https:\/\/api.w.org\/{rel}","templated":true}]}}