{"id":8,"date":"2022-12-29T12:01:25","date_gmt":"2022-12-29T12:01:25","guid":{"rendered":"https:\/\/wp-gerber.de\/?page_id=8"},"modified":"2024-12-02T10:57:21","modified_gmt":"2024-12-02T10:57:21","slug":"startseite","status":"publish","type":"page","link":"https:\/\/wp-gerber.de\/","title":{"rendered":"Startseite"},"content":{"rendered":"\n<p><strong>Finanzwelt<\/strong><\/p>\n\n\n\n<p>Nach einer kleinen Anfrage im Bundestag gibt es zum Stichtag 2. Februar 2022 1773 Gesetze mit 50.738 Einzelnormen. Dazu kommen 2.795 Rechtsverordnungen mit weiteren 42.590 Einzelnormen. Zum Vergleich: Zum 1. Januar 2010 gab es 1.668 Gesetze mit 43. 085 Einzelnormen und 2.655 Rechtsverordnungen mit 36. 850 Einzelnormen.<\/p>\n\n\n\n<p>Bei den Gesetzen gibt es damit eine Steigerung von 6,3 %; die Zunahme der Einzelnormen betr\u00e4gt bereits 17,8 %. Unter Einbeziehung der Rechtnormen betr\u00e4gt die Steigerung 10,5 % und bei den Einzelnormen (absolute Steigerung 93.328 gegen\u00fcber 79.935 = Mehrung 13.393) 16,75 %. Die aktuelle Inflation f\u00e4llt nicht so hoch aus.<\/p>\n\n\n\n<p>In dieser Aufstellung nicht ber\u00fccksichtigt sind Erlasse der Verwaltung und Urteile der Finanzrechtsprechung.<\/p>\n\n\n\n<p>Welcher Normalb\u00fcrger wei\u00df schon, dass Prothesen und Herzschrittmacher mit dem erm\u00e4\u00dfigten Umsatzsteuersatz, dazu passende Ersatzteile und Zubeh\u00f6r dagegen mit dem vollen Satz belegt werden? Welchen Sinn macht es, da\u00df Vogeleier und Eigelb erm\u00e4\u00dfigt besteuert, &#8222;ungenie\u00dfbare Eier ohne Schale und ungenie\u00dfbares Eigelb&#8220; dagegen voll besteuert werden? Warum bleibt der Verzehr f\u00fcr den Eingeladenen bei einem Gesch\u00e4ftsessen steuerfrei, w\u00e4hrend Arbeitnehmer Bewirtungsaufwendungen des Arbeitgebers bei einem Betriebsfest als &#8222;geldwerten Vorteil&#8220; streng genommen in ihrer Steuererkl\u00e4rung angeben m\u00fcssten.<\/p>\n\n\n\n<p>Wenn Sie einen Kaffee ToGo kaufen, betr\u00e4gt die Umsatzsteuer f\u00fcr einen reinen Kaffee 19%, w\u00e4hrend f\u00fcr einen Cafe Latte nur 7% Mehrwertsteuer zu zahlen sind.<\/p>\n\n\n\n<p>Die Regelungswut unseres Staates nimmt aber weiter st\u00e4ndig zu.<\/p>\n\n\n\n<p>Bei der Bew\u00e4ltigung der Regulierungsflut in diesem Dschungel versuche ich; Ihnen beizustehen.<\/p>\n\n\n\n<p><strong>Wirtschaftspr\u00fcfung<\/strong><\/p>\n\n\n\n<p>Die Wirtschaftspr\u00fcfung, eine vielfach unbekannte T\u00e4tigkeit?!<\/p>\n\n\n\n<p>Quelle: Wikipedia<\/p>\n\n\n\n<p>Unter <strong>Wirtschaftspr\u00fcfung<\/strong> versteht man die Pr\u00fcfung der Finanzberichterstattung von Unternehmen nach den jeweils geltenden Rechnungslegungsstandards, insbesondere im Rahmen der f\u00fcr mittelgro\u00dfe und gro\u00dfe Kapitalgesellschaften gesetzlich vorgeschriebenen Jahresabschlusspr\u00fcfung. Unter den Begriff f\u00e4llt die Pr\u00fcfung der Buchhaltung und der Bilanzierung. Eine Beurteilung der Wirtschaftlichkeit erfolgt nur insoweit, als dass festgestellt wird, ob eine Unternehmensfortf\u00fchrung wahrscheinlich ist. In der Theorie wird bei einer Wirtschaftspr\u00fcfung ein Ist- mit einem Soll-Zustand verglichen und auf der Grundlage der Abweichung ein entsprechendes Pr\u00fcftestat entweder uneingeschr\u00e4nkt oder eingeschr\u00e4nkt erteilt oder verweigert. Dadurch soll sichergestellt werden, dass die Abschlussadressaten (u.a. Investoren, Lieferanten, Kreditgeber, Mitarbeiter) den Informationen des Jahresabschlusses vertrauen k\u00f6nnen (Informationsfunktion), ein korrekter Gewinnausweis erfolgt (Zahlungsbemessungsfunktion) sowie auch mittelbar die korrekte Steuerlast (Ma\u00dfgeblichkeit der Handelsbilanz f\u00fcr die Steuerbilanz). Je nach Rechnungslegungsstandard \u00fcberwiegen bestimmte Funktionen, was sich durch unterschiedliche Ansatz- und Bewertungskriterien widerspiegelt.<\/p>\n\n\n\n<p>Wirtschaftspr\u00fcfung d\u00fcrfen nur nach der Wirtschaftspr\u00fcferordnung (WPO) zugelassene Wirtschaftspr\u00fcfer oder vereidigte Buchpr\u00fcfer mit Unterst\u00fctzung weiterer Mitarbeiter (Assistenten ohne Examen) durchf\u00fchren.<\/p>\n\n\n\n<p><strong>Quelle IDW<\/strong><\/p>\n\n\n\n<p>Der Wirtschaftspr\u00fcferberuf geh\u00f6rt zu den sogenannten freien Berufen. Als Wirtschaftspr\u00fcfer t\u00e4tig werden darf nur, wer \u00f6ffentlich bestellt wurde. Daf\u00fcr ist eine pers\u00f6nliche und fachliche Eignung nachzuweisen, die in einem Zulassungsverfahren und einem anspruchsvollem staatlichen Examen festgestellt wird.<\/p>\n\n\n\n<p>Nur Wirtschaftspr\u00fcfer d\u00fcrfen gesetzliche Abschlusspr\u00fcfungen durchf\u00fchren. Die F\u00e4higkeiten und Kenntnisse f\u00fcr diese Vorbehaltsaufgabe bieten beste Voraussetzungen daf\u00fcr, auch weitere anspruchsvolle Dienstleistungen anzubieten, seien sie pr\u00fcferischer oder beratender Art.<\/p>\n\n\n\n<p><strong>Fachkompetenz und Vertrauen<\/strong><\/p>\n\n\n\n<p>Auftraggeber profitieren regelm\u00e4\u00dfig von der Vielfalt methodischer und fachlicher Kenntnisse, die Wirtschaftspr\u00fcfer aus ihrer T\u00e4tigkeit als Abschlusspr\u00fcfer mitbringen, aus ihren Erfahrungen mit unterschiedlichen Gesch\u00e4ftsmodellen und Branchen, der Vertrautheit mit innovativen Technologien sowie nicht zuletzt vom besonderen Vertrauen, das der Abschlusspr\u00fcfung entgegengebracht wird. Denn die T\u00e4tigkeit st\u00fctzt sich auf streng zu befolgende ethische Normen, zu denen insbesondere Unabh\u00e4ngigkeit, Gewissenhaftigkeit, Verschwiegenheit und Eigenverantwortlichkeit geh\u00f6ren.<\/p>\n\n\n\n<p><strong>Breites Leistungsangebot<\/strong><\/p>\n\n\n\n<p>Zum Leistungsangebot geh\u00f6ren im Wesentlichen folgende Arbeitsgebiete:<\/p>\n\n\n\n<p><strong>Abschlusspr\u00fcfung<\/strong><\/p>\n\n\n\n<p>Die berufliche Aufgabe von Wirtschaftspr\u00fcfern ist es, betriebswirtschaftliche Pr\u00fcfungen, insbesondere von Jahresabschl\u00fcssen wirtschaftlicher Unternehmen, durchzuf\u00fchren und hier\u00fcber Best\u00e4tigungsvermerke zu erteilen.&nbsp;<\/p>\n\n\n\n<p><strong>Gesetzliche und freiwillige Pr\u00fcfungen&nbsp;<\/strong><\/p>\n\n\n\n<p>Eine gesetzliche Pr\u00fcfungspflicht betrifft Unternehmen unterschiedlichster Rechtsformen, Gr\u00f6\u00dfe und Branchen, z.B. Banken und Versicherungen. Neben den gesetzlich vorgeschriebenen Jahresabschlusspr\u00fcfungen umfasst der T\u00e4tigkeitsbereich auch die freiwillige Pr\u00fcfung von Jahresabschl\u00fcssen.<\/p>\n\n\n\n<p><strong>Pr\u00fcfung der Verl\u00e4sslichkeit von Informationen<\/strong><\/p>\n\n\n\n<p>Gepr\u00fcft wird die Verl\u00e4sslichkeit und die Ordnungsm\u00e4\u00dfigkeit der Informationen, die das Unternehmen in seiner Buchf\u00fchrung, seinem Jahres- oder Konzernabschluss und ggf. dem (Konzern)Lagebericht dokumentiert. Abschlusspr\u00fcfer best\u00e4tigen, dass das Unternehmen die gesetzlichen Bilanzierungsregeln eingehalten hat.<\/p>\n\n\n\n<p><strong>Best\u00e4tigungsvermerk und Pr\u00fcfungsbericht<\/strong><\/p>\n\n\n\n<p>Die bei der Abschlusspr\u00fcfung gewonnenen Erkenntnisse werden in einem Best\u00e4tigungsvermerk zusammengefasst und in einem Pr\u00fcfungsbericht erl\u00e4utert.<\/p>\n\n\n\n<p><strong>Assurance-Leistungen (andere betriebswirtschaftliche Pr\u00fcfungen)<\/strong><\/p>\n\n\n\n<p><strong>Pr\u00fcfer-Urteil erh\u00f6ht Vertrauen<\/strong><\/p>\n\n\n\n<p>Unter Assurance-Leistungen werden Leistungen verstanden, bei denen Wirtschaftspr\u00fcfer auf Grundlage eines Soll-Ist-Vergleichs ein Urteil abgeben (bspw. in Form einer Bescheinigung), um das Vertrauen der Nutzer in eine Sachverhaltsinformation eines Unternehmens zu erh\u00f6hen.<\/p>\n\n\n\n<p><strong>Pr\u00fcfung von Finanzinformationen<\/strong><\/p>\n\n\n\n<p>Assurance-Leistungen k\u00f6nnen sich &#8211; wie die Abschlusspr\u00fcfung &#8211; auf die externe Rechnungslegung des Unternehmens beziehen (z.B. pr\u00fcferische Durchsicht bzw. Review von Quartals- oder Halbjahresabschl\u00fcssen). Im Unterschied zur Abschlusspr\u00fcfung wird das Urteil mit einem anderen Sicherheitsgrad getroffen. Assurance-Leistungen k\u00f6nnen aber auch zu Finanzinformationen au\u00dferhalb der periodischen Rechnungslegung (z.B. im Zusammenhang mit B\u00f6rsentransaktionen) erfolgen.<\/p>\n\n\n\n<p><strong>Weitere Pr\u00fcfungen z.B. von Systemen<\/strong><\/p>\n\n\n\n<p>Sie k\u00f6nnen sich sogar auf andere Gegenst\u00e4nde als Finanzinformationen beziehen, etwa die Pr\u00fcfung von sog. Compliance Management-Systemen (CMS), die Beurteilung des internen Kontrollsystems oder die Pr\u00fcfung von Software hinsichtlich der Einhaltung bestimmter funktionaler und technischer Anforderungen.<\/p>\n\n\n\n<p><strong>Know-How in Pr\u00fcfung und Rechnungslegung ist gefragt<\/strong><\/p>\n\n\n\n<p>Gemeinsam ist diesen Leistungen, dass sie in aller Regel Know-how und Kompetenz in Gestalt fundierter Rechnungslegungsexpertise oder Kenntnissen \u00fcber die pr\u00fcferische Methodologie und den Einsatz pr\u00fcferischer Werkzeuge erfordern.<\/p>\n\n\n\n<p><strong>Beratung<\/strong><\/p>\n\n\n\n<p><strong>Methodenkompetenz und Branchenkenntnis<\/strong><\/p>\n\n\n\n<p>Aufgrund ihrer Methodenkompetenz, ihrer breitgef\u00e4cherten Ausbildung sowie ihrer langj\u00e4hrigen Kenntnis des Unternehmens bzw. der Branche sind Wirtschaftspr\u00fcferinnen und Wirtschaftspr\u00fcfer bestens geeignet, Unternehmen bei der L\u00f6sung von betriebswirtschaftlichen Fragen strategischer und operativer Art zu beraten.<\/p>\n\n\n\n<p><strong>L\u00f6sung von betriebswirtschaftlichen Fragen<\/strong><\/p>\n\n\n\n<p>Wichtige Kategorien von Beratungsleistungen sind beispielsweise<\/p>\n\n\n\n<p>\u25cf&nbsp;&nbsp;&nbsp;&nbsp;&nbsp;&nbsp; Transaktionsberatung,<\/p>\n\n\n\n<p>\u25cf&nbsp;&nbsp;&nbsp;&nbsp;&nbsp;&nbsp; Unternehmensbewertung,<\/p>\n\n\n\n<p>\u25cf&nbsp;&nbsp;&nbsp;&nbsp;&nbsp;&nbsp; Restrukturierungs- und Sanierungsberatung,<\/p>\n\n\n\n<p>&nbsp;\u25cf&nbsp;&nbsp;&nbsp;&nbsp;&nbsp; Forensic\/Fraud-Untersuchungen sowie<\/p>\n\n\n\n<p>\u25cf&nbsp;&nbsp;&nbsp;&nbsp;&nbsp;&nbsp; IT-Beratung<\/p>\n\n\n\n<p><strong>Unternehmenstransaktionen<\/strong><\/p>\n\n\n\n<p>Unternehmens- bzw. Beteiligungsk\u00e4ufe, Fusionen oder B\u00f6rseng\u00e4nge bieten in der Regel Anlass f\u00fcr Beratungsleistungen. Der Wirtschaftspr\u00fcfer kann von der Vorbereitung \u00fcber die Umsetzung bis zur Nachbereitung einzelne oder alle Prozessschritte begleiten. Daneben gibt es diverse weitere Anl\u00e4sse f\u00fcr die Bewertung von Unternehmen oder Unternehmensteilen, bspw. bei Verm\u00f6gens- bzw. Erbauseinandersetzungen.<\/p>\n\n\n\n<p><strong>Krisenerkennung<\/strong><\/p>\n\n\n\n<p>Wenn Krisen nicht erkannt werden, kann das f\u00fcr ein Unternehmen lebensbedrohend sein. Transparenz ist f\u00fcr Management und Kapitalgeber wichtig, um eine fundierte Risikoabsch\u00e4tzung vornehmen und eine Entscheidung \u00fcber weitere Ma\u00dfnahmen treffen zu k\u00f6nnen. Zudem birgt das Nichterkennen von Insolvenzer\u00f6ffnungsgr\u00fcnden f\u00fcr die gesetzlichen Vertreter empfindliche haftungs- und strafrechtliche Risiken. Auch hier ist die Kompetenz des Wirtschaftspr\u00fcfers gefragt.<\/p>\n\n\n\n<p><strong>Aufdeckung von Wirtschaftskriminalit\u00e4t<\/strong><\/p>\n\n\n\n<p>Wirtschaftspr\u00fcfer k\u00f6nnen dabei helfen, Wirtschaftskriminalit\u00e4t in Form von Betrug, Geldw\u00e4sche, Korruption, Unterschlagung oder andere Formen von Verm\u00f6genssch\u00e4digungen aufzudecken. Bei entsprechenden Verdachtsf\u00e4llen k\u00f6nnen sie Unterschlagungspr\u00fcfungen&nbsp;mit forensischen Methoden durchf\u00fchren. Ebenfalls k\u00f6nnen sie Empfehlungen zum Schutz vor Wirtschaftskriminalit\u00e4t entwickeln.<\/p>\n\n\n\n<p><strong>IT-Beratung<\/strong><\/p>\n\n\n\n<p>Verl\u00e4ssliche Daten sind wichtige Grundlagen f\u00fcr unternehmerische Entscheidungen. Die von Wirtschaftspr\u00fcfern angebotenen Dienstleistungen haben oft IT-gest\u00fctzte Gesch\u00e4ftsprozesse, IT-Systeme oder Datenmodelle zum Gegenstand. Typische Fragen der Beratung betreffen die IT-Sicherheit, den Datenschutz, die IT-Abh\u00e4ngigkeit und -Verf\u00fcgbarkeit (Business Continuity Management) oder die Prozesseffizienz.<\/p>\n\n\n\n<p><strong>Steuerberatung<\/strong><\/p>\n\n\n\n<p>Wirtschaftspr\u00fcfer d\u00fcrfen ihre Auftraggeber in steuerlichen Angelegenheiten beraten und vertreten (\u00a7&nbsp;2 Abs. 2 WPO). In der Praxis geh\u00f6rt die Steuerberatung zu den Kernbereichen der T\u00e4tigkeit.<\/p>\n\n\n\n<p><strong>Steuerberatung bei Unternehmenstransaktionen<\/strong><\/p>\n\n\n\n<p>Steuergestalterische Aspekte sind bei fast allen unternehmerischen Entscheidungen zu beachten, h\u00e4ufig bestimmen sie deren Vorteilhaftigkeit. Die komplexe Steuergesetzgebung bedingt ein umfassendes Wissen sowie rechtliche und betriebswirtschaftliche Expertise. Dies gilt bspw. bei Unternehmensgr\u00fcndungen, Unternehmenserwerben, Nachfolgeregelungen und zahlreichen weiteren Investitionsentscheidungen.<\/p>\n\n\n\n<p><strong>Laufende Steuerberatung<\/strong><\/p>\n\n\n\n<p>Daneben geh\u00f6rt die laufende Steuerberatung inkl. Erstellung der erforderlichen Steuererkl\u00e4rungen zu den Standardleistungen.<\/p>\n\n\n\n<p><strong>(Outsourcing-)Dienstleistungen f\u00fcr Unternehmen<\/strong><\/p>\n\n\n\n<p>Insbesondere kleinere und mittlere Unternehmen lagern h\u00e4ufig bestimmte Unternehmenst\u00e4tigkeiten aus.<\/p>\n\n\n\n<p><strong>Abschlusserstellung<\/strong><\/p>\n\n\n\n<p>So wird m\u00f6glicherweise f\u00fcr die Erstellung des Jahresabschlusses ein Wirtschaftspr\u00fcfer beauftragt.&nbsp;<\/p>\n\n\n\n<p><strong>Weitere Funktionen des Unternehmens<\/strong><\/p>\n\n\n\n<p>Dar\u00fcber hinaus gibt es ein breites Spektrum unterschiedlicher Funktionen, in denen Wirtschaftspr\u00fcfer unterst\u00fctzend t\u00e4tig werden k\u00f6nnen: etwa beim Berichtswesen, im Zahlungsverkehr, bei der Lohn- und Gehaltsabrechnung, bei der internen Revision oder durch die (zeitweise) \u00dcbernahme von Managementaufgaben.<\/p>\n\n\n\n<p><strong>Datenschutz<\/strong><\/p>\n\n\n\n<p>Da die Bedeutung des Datenschutzes kontinuierlich steigt und damit auch die Pflichten der Unternehmen, wird Wirtschaftspr\u00fcfern vermehrt die Funktion des Datenschutzbeauftragten \u00fcbertragen.<\/p>\n\n\n\n<p><strong>Weitere T\u00e4tigkeiten<\/strong><\/p>\n\n\n\n<p><strong>Branchen-Schwerpunkt<\/strong><\/p>\n\n\n\n<p>Wirtschaftspr\u00fcferinnen und Wirtschaftspr\u00fcfer verf\u00fcgen aufgrund ihrer pr\u00fcferischen und beratenden T\u00e4tigkeiten \u00fcber fundierte Kenntnisse in einzelnen Branchen. Branchenschwerpunkte sind beispielsweise:<\/p>\n\n\n\n<p>\u25cf&nbsp;&nbsp;&nbsp;&nbsp;&nbsp;&nbsp; Transport- und Automobilindustrie<\/p>\n\n\n\n<p>\u25cf&nbsp;&nbsp;&nbsp;&nbsp;&nbsp;&nbsp; Chemie- und Pharmaindustrie<\/p>\n\n\n\n<p>\u25cf&nbsp;&nbsp;&nbsp;&nbsp;&nbsp;&nbsp; Handel und Konsumg\u00fcter<\/p>\n\n\n\n<p>\u25cf&nbsp;&nbsp;&nbsp;&nbsp;&nbsp;&nbsp; Financial Services (Banken, Versicherungen, Finanzdienstleister)<\/p>\n\n\n\n<p>\u25cf&nbsp;&nbsp;&nbsp;&nbsp;&nbsp;&nbsp; Energiesektor<\/p>\n\n\n\n<p>\u25cf&nbsp;&nbsp;&nbsp;&nbsp;&nbsp;&nbsp; \u00d6ffentlicher Sektor<\/p>\n\n\n\n<p>\u25cf&nbsp;&nbsp;&nbsp;&nbsp;&nbsp;&nbsp; Stiftungen<\/p>\n\n\n\n<p>\u25cf&nbsp;&nbsp;&nbsp;&nbsp;&nbsp;&nbsp; Krankenh\u00e4user<\/p>\n\n\n\n<p>\u25cf&nbsp;&nbsp;&nbsp;&nbsp;&nbsp;&nbsp; Immobilien<\/p>\n\n\n\n<p><strong>Gutachtert\u00e4tigkeit<\/strong><\/p>\n\n\n\n<p>Die Berufsangeh\u00f6rigen treten auch als Sachverst\u00e4ndige in Fragen der wirtschaftlichen Betriebsf\u00fchrung auf. Gerichte ziehen vielfach Wirtschaftspr\u00fcfer als Gutachter hinzu, z.B. bei Auseinandersetzungen \u00fcber die Festlegung angemessener Abfindungen an ausscheidende Gesellschafter. Dieses Erfahrungspotential veranlasst auch Unternehmen, Anteilseigner und Privatpersonen, Wirtschaftspr\u00fcfer mit betriebswirtschaftlichen Gutachten aller Art zu beauftragen.<\/p>\n\n\n\n<p><strong>Treuhandaufgaben<\/strong><\/p>\n\n\n\n<p>Die strengen Berufsregeln gew\u00e4hrleisten, dass Wirtschaftspr\u00fcfer die ihnen anvertrauten Verm\u00f6gens- und Rechtsinteressen uneigenn\u00fctzig wahrnehmen.<\/p>\n\n\n\n<p>Zu den treuh\u00e4nderischen T\u00e4tigkeiten, die Wirtschaftspr\u00fcfer wahrnehmen, geh\u00f6ren:&nbsp;<\/p>\n\n\n\n<p>Insolvenzverwaltung<\/p>\n\n\n\n<p>Liquidation<\/p>\n\n\n\n<p>Nachlassverwaltung<\/p>\n\n\n\n<p>Testamentsvollstreckung<\/p>\n\n\n\n<p><strong>Vereinbarkeit mit dem Ansehen des Berufs<\/strong><\/p>\n\n\n\n<p>Zu den Besonderheiten des Wirtschaftspr\u00fcferberufs geh\u00f6rt, dass grunds\u00e4tzlich nur solche T\u00e4tigkeiten ausge\u00fcbt werden d\u00fcrfen, die mit dem Beruf und dessen Ansehen vereinbar sind. Zur\u00fcckzuf\u00fchren ist dies nicht zuletzt auf das besondere \u00f6ffentliche Vertrauen, das dem Abschlusspr\u00fcfer entgegengebracht wird.<\/p>\n","protected":false},"excerpt":{"rendered":"<p>Finanzwelt Nach einer kleinen Anfrage im Bundestag gibt es zum Stichtag 2. Februar 2022 1773 Gesetze mit 50.738 Einzelnormen. Dazu kommen 2.795 Rechtsverordnungen mit weiteren 42.590 Einzelnormen. Zum Vergleich: Zum 1. Januar 2010 gab es 1.668 Gesetze mit 43. 085 Einzelnormen und 2.655 Rechtsverordnungen mit 36. 850 Einzelnormen. Bei den Gesetzen gibt es damit eine &hellip; <\/p>\n<p class=\"link-more\"><a href=\"https:\/\/wp-gerber.de\/\" class=\"more-link\"><span class=\"screen-reader-text\">\u201eStartseite\u201c<\/span> weiterlesen<\/a><\/p>\n","protected":false},"author":1,"featured_media":0,"parent":0,"menu_order":0,"comment_status":"closed","ping_status":"closed","template":"","meta":{"footnotes":""},"class_list":["post-8","page","type-page","status-publish","hentry"],"_links":{"self":[{"href":"https:\/\/wp-gerber.de\/index.php?rest_route=\/wp\/v2\/pages\/8","targetHints":{"allow":["GET"]}}],"collection":[{"href":"https:\/\/wp-gerber.de\/index.php?rest_route=\/wp\/v2\/pages"}],"about":[{"href":"https:\/\/wp-gerber.de\/index.php?rest_route=\/wp\/v2\/types\/page"}],"author":[{"embeddable":true,"href":"https:\/\/wp-gerber.de\/index.php?rest_route=\/wp\/v2\/users\/1"}],"replies":[{"embeddable":true,"href":"https:\/\/wp-gerber.de\/index.php?rest_route=%2Fwp%2Fv2%2Fcomments&post=8"}],"version-history":[{"count":2,"href":"https:\/\/wp-gerber.de\/index.php?rest_route=\/wp\/v2\/pages\/8\/revisions"}],"predecessor-version":[{"id":89,"href":"https:\/\/wp-gerber.de\/index.php?rest_route=\/wp\/v2\/pages\/8\/revisions\/89"}],"wp:attachment":[{"href":"https:\/\/wp-gerber.de\/index.php?rest_route=%2Fwp%2Fv2%2Fmedia&parent=8"}],"curies":[{"name":"wp","href":"https:\/\/api.w.org\/{rel}","templated":true}]}}